{"id":42,"date":"2023-04-03T04:38:00","date_gmt":"2023-04-03T04:38:00","guid":{"rendered":"https:\/\/themeholy.com\/wordpress\/plumer\/?page_id=42"},"modified":"2024-04-22T16:11:10","modified_gmt":"2024-04-22T14:11:10","slug":"contact","status":"publish","type":"page","link":"https:\/\/babdepannage.fr\/index.php\/contact\/","title":{"rendered":"Contact"},"content":{"rendered":"\t\t<div data-elementor-type=\"wp-page\" data-elementor-id=\"42\" class=\"elementor elementor-42\">\n\t\t\t\t\t\t\t\t\t<section class=\"elementor-section elementor-top-section elementor-element elementor-element-2d5a55c elementor-section-boxed elementor-section-height-default elementor-section-height-default\" data-id=\"2d5a55c\" data-element_type=\"section\">\n\t\t\t\t\t\t<div class=\"elementor-container elementor-column-gap-no\">\n\t\t\t\t\t<div class=\"elementor-column elementor-col-100 elementor-top-column elementor-element elementor-element-0bba04e\" data-id=\"0bba04e\" data-element_type=\"column\">\n\t\t\t<div class=\"elementor-widget-wrap elementor-element-populated\">\n\t\t\t\t\t\t\t\t<div class=\"elementor-element elementor-element-c4e74cb elementor-widget elementor-widget-plumercontactinfo\" data-id=\"c4e74cb\" data-element_type=\"widget\" data-widget_type=\"plumercontactinfo.default\">\n\t\t\t\t<div class=\"elementor-widget-container\">\n\t\t\t<div class=\"row gx-0\"><div class=\"col-lg-4\"><div class=\"contact-feature\"><div class=\"contact-feature_icon\"><img decoding=\"async\" src=\"https:\/\/babdepannage.fr\/wp-content\/uploads\/2023\/09\/bab-depannage-contact-adresse.png\" alt=\"bab depannage contact adresse\"  \/><\/div><span class=\"contact-feature_subtitle\">Adresse<\/span><h3 class=\"box-title\">23 all\u00e9e Moura 64200 Biarritz<\/h3><\/div><\/div><div class=\"col-lg-4\"><div class=\"contact-feature bg-theme\"><div class=\"contact-feature_icon\"><img decoding=\"async\" src=\"https:\/\/themeholy.com\/wordpress\/plumer\/wp-content\/uploads\/2023\/04\/contact_2_2.svg\" alt=\"contact_2_2\"  \/><\/div><span class=\"contact-feature_subtitle\">T\u00e9l\u00e9phone<\/span><h3 class=\"box-title\"><a href=\"tel:0535459640\">05 35 45 96 40<\/a><\/h3><\/div><\/div><div class=\"col-lg-4\"><div class=\"contact-feature\"><div class=\"contact-feature_icon\"><img decoding=\"async\" src=\"https:\/\/babdepannage.fr\/wp-content\/uploads\/2023\/09\/bab-depannage-contact-mail.png\" alt=\"bab depannage contact mail\"  \/><\/div><div class=\"contact-feature_content\"><span class=\"contact-feature_subtitle\">Email <\/span><h3 class=\"box-title\"><a href=\"mailto:contact@babdepannage.fr\">contact@babdepannage.fr<\/a><\/h3><\/div><\/div><\/div><\/div>\t\t<\/div>\n\t\t\t\t<\/div>\n\t\t\t\t\t<\/div>\n\t\t<\/div>\n\t\t\t\t\t\t\t<\/div>\n\t\t<\/section>\n\t\t\t\t<section class=\"elementor-section elementor-top-section elementor-element elementor-element-830f74f elementor-section-boxed elementor-section-height-default elementor-section-height-default\" data-id=\"830f74f\" data-element_type=\"section\">\n\t\t\t\t\t\t<div class=\"elementor-container elementor-column-gap-no\">\n\t\t\t\t\t<div class=\"elementor-column elementor-col-100 elementor-top-column elementor-element elementor-element-2ae6735\" data-id=\"2ae6735\" data-element_type=\"column\">\n\t\t\t<div class=\"elementor-widget-wrap elementor-element-populated\">\n\t\t\t\t\t\t\t\t<section class=\"elementor-section elementor-inner-section elementor-element elementor-element-67521ae elementor-section-full_width elementor-section-height-default elementor-section-height-default\" data-id=\"67521ae\" data-element_type=\"section\">\n\t\t\t\t\t\t<div class=\"elementor-container elementor-column-gap-no\">\n\t\t\t\t\t<div class=\"elementor-column elementor-col-100 elementor-inner-column elementor-element elementor-element-fc1df7a\" data-id=\"fc1df7a\" data-element_type=\"column\">\n\t\t\t<div class=\"elementor-widget-wrap elementor-element-populated\">\n\t\t\t\t\t\t\t\t<div class=\"elementor-element elementor-element-6af3950 elementor-widget elementor-widget-wpforms\" data-id=\"6af3950\" data-element_type=\"widget\" data-widget_type=\"wpforms.default\">\n\t\t\t\t<div class=\"elementor-widget-container\">\n\t\t\t<style id=\"wpforms-css-vars-root\">\n\t\t\t\t:root {\n\t\t\t\t\t--wpforms-field-border-radius: 3px;\n--wpforms-field-background-color: #ffffff;\n--wpforms-field-border-color: rgba( 0, 0, 0, 0.25 );\n--wpforms-field-text-color: rgba( 0, 0, 0, 0.7 );\n--wpforms-label-color: rgba( 0, 0, 0, 0.85 );\n--wpforms-label-sublabel-color: rgba( 0, 0, 0, 0.55 );\n--wpforms-label-error-color: #d63637;\n--wpforms-button-border-radius: 3px;\n--wpforms-button-background-color: #066aab;\n--wpforms-button-text-color: #ffffff;\n--wpforms-field-size-input-height: 43px;\n--wpforms-field-size-input-spacing: 15px;\n--wpforms-field-size-font-size: 16px;\n--wpforms-field-size-line-height: 19px;\n--wpforms-field-size-padding-h: 14px;\n--wpforms-field-size-checkbox-size: 16px;\n--wpforms-field-size-sublabel-spacing: 5px;\n--wpforms-field-size-icon-size: 1;\n--wpforms-label-size-font-size: 16px;\n--wpforms-label-size-line-height: 19px;\n--wpforms-label-size-sublabel-font-size: 14px;\n--wpforms-label-size-sublabel-line-height: 17px;\n--wpforms-button-size-font-size: 17px;\n--wpforms-button-size-height: 41px;\n--wpforms-button-size-padding-h: 15px;\n--wpforms-button-size-margin-top: 10px;\n\n\t\t\t\t}\n\t\t\t<\/style><style id=\"wpforms-css-vars-elementor-widget-6af3950\">\n\t\t\t\t.elementor-widget-wpforms.elementor-element-6af3950 {\n\t\t\t\t\t--wpforms-field-size-input-height: 43px;\n--wpforms-field-size-input-spacing: 15px;\n--wpforms-field-size-font-size: 16px;\n--wpforms-field-size-line-height: 19px;\n--wpforms-field-size-padding-h: 14px;\n--wpforms-field-size-checkbox-size: 16px;\n--wpforms-field-size-sublabel-spacing: 5px;\n--wpforms-field-size-icon-size: 1;\n--wpforms-label-size-font-size: 16px;\n--wpforms-label-size-line-height: 19px;\n--wpforms-label-size-sublabel-font-size: 14px;\n--wpforms-label-size-sublabel-line-height: 17px;\n--wpforms-button-size-font-size: 17px;\n--wpforms-button-size-height: 41px;\n--wpforms-button-size-padding-h: 15px;\n--wpforms-button-size-margin-top: 10px;\n\n\t\t\t\t}\n\t\t\t<\/style><div class=\"wpforms-container wpforms-container-full wpforms-render-modern\" id=\"wpforms-3369\"><form id=\"wpforms-form-3369\" class=\"wpforms-validate wpforms-form wpforms-ajax-form\" data-formid=\"3369\" method=\"post\" enctype=\"multipart\/form-data\" action=\"\/index.php\/wp-json\/wp\/v2\/pages\/42\" data-token=\"8ac6275f8847a653e635524786200dc1\"><noscript class=\"wpforms-error-noscript\">Veuillez activer JavaScript dans votre navigateur pour remplir ce formulaire.<\/noscript><div class=\"wpforms-hidden\" id=\"wpforms-error-noscript\">Veuillez activer JavaScript dans votre navigateur pour remplir ce formulaire.<\/div><div class=\"wpforms-field-container\"><div id=\"wpforms-3369-field_0-container\" class=\"wpforms-field wpforms-field-name\" data-field-id=\"0\"><fieldset><legend class=\"wpforms-field-label\">Nom <span class=\"wpforms-required-label\" aria-hidden=\"true\">*<\/span><\/legend><div class=\"wpforms-field-row wpforms-field-medium\"><div class=\"wpforms-field-row-block wpforms-first wpforms-one-half\"><input type=\"text\" id=\"wpforms-3369-field_0\" class=\"wpforms-field-name-first wpforms-field-required\" name=\"wpforms[fields][0][first]\" aria-errormessage=\"wpforms-3369-field_0-error\" required><label for=\"wpforms-3369-field_0\" class=\"wpforms-field-sublabel after \">Pr\u00e9nom<\/label><\/div><div class=\"wpforms-field-row-block wpforms-one-half\"><input type=\"text\" id=\"wpforms-3369-field_0-last\" class=\"wpforms-field-name-last wpforms-field-required\" name=\"wpforms[fields][0][last]\" aria-errormessage=\"wpforms-3369-field_0-last-error\" required><label for=\"wpforms-3369-field_0-last\" class=\"wpforms-field-sublabel after \">Nom<\/label><\/div><\/div><\/fieldset><\/div><div id=\"wpforms-3369-field_1-container\" class=\"wpforms-field wpforms-field-email\" data-field-id=\"1\"><label class=\"wpforms-field-label\" for=\"wpforms-3369-field_1\">E-mail <span class=\"wpforms-required-label\" aria-hidden=\"true\">*<\/span><\/label><input type=\"email\" id=\"wpforms-3369-field_1\" class=\"wpforms-field-medium wpforms-field-required\" name=\"wpforms[fields][1]\" spellcheck=\"false\" aria-errormessage=\"wpforms-3369-field_1-error\" required><\/div><div id=\"wpforms-3369-field_7-container\" class=\"wpforms-field wpforms-field-number\" data-field-id=\"7\"><label class=\"wpforms-field-label\" for=\"wpforms-3369-field_7\">T\u00e9l\u00e9phone <span class=\"wpforms-required-label\" aria-hidden=\"true\">*<\/span><\/label><input type=\"number\" pattern=\"\\d*\" id=\"wpforms-3369-field_7\" class=\"wpforms-field-medium wpforms-field-required\" name=\"wpforms[fields][7]\" aria-errormessage=\"wpforms-3369-field_7-error\" required><\/div><div id=\"wpforms-3369-field_10-container\" class=\"wpforms-field wpforms-field-select wpforms-field-select-style-classic\" data-field-id=\"10\"><label class=\"wpforms-field-label\" for=\"wpforms-3369-field_10\">Cela concerne:<\/label><select id=\"wpforms-3369-field_10\" class=\"wpforms-field-medium\" name=\"wpforms[fields][10]\"><option value=\"Plomberie\" >Plomberie<\/option><option value=\"Chauffage\" >Chauffage<\/option><option value=\"D\u00e9sembouage\" >D\u00e9sembouage<\/option><option value=\"Autre\" >Autre<\/option><\/select><\/div><div id=\"wpforms-3369-field_2-container\" class=\"wpforms-field wpforms-field-textarea\" data-field-id=\"2\"><label class=\"wpforms-field-label\" for=\"wpforms-3369-field_2\">Message <span class=\"wpforms-required-label\" aria-hidden=\"true\">*<\/span><\/label><textarea id=\"wpforms-3369-field_2\" class=\"wpforms-field-medium wpforms-field-required\" name=\"wpforms[fields][2]\" aria-errormessage=\"wpforms-3369-field_2-error\" required><\/textarea><\/div><\/div><!-- .wpforms-field-container --><div class=\"wpforms-submit-container\" ><input type=\"hidden\" name=\"wpforms[id]\" value=\"3369\"><input type=\"hidden\" name=\"wpforms[author]\" value=\"2\"><button type=\"submit\" name=\"wpforms[submit]\" id=\"wpforms-submit-3369\" class=\"wpforms-submit\" data-alt-text=\"Envoi...\" data-submit-text=\"Envoyer\" aria-live=\"assertive\" value=\"wpforms-submit\">Envoyer<\/button><img loading=\"lazy\" decoding=\"async\" src=\"https:\/\/babdepannage.fr\/wp-content\/plugins\/wpforms-lite\/assets\/images\/submit-spin.svg\" class=\"wpforms-submit-spinner\" style=\"display: none;\" width=\"26\" height=\"26\" alt=\"Chargement en cours\"><\/div><\/form><\/div>  <!-- .wpforms-container -->\t\t<\/div>\n\t\t\t\t<\/div>\n\t\t\t\t\t<\/div>\n\t\t<\/div>\n\t\t\t\t\t\t\t<\/div>\n\t\t<\/section>\n\t\t\t\t\t<\/div>\n\t\t<\/div>\n\t\t\t\t\t\t\t<\/div>\n\t\t<\/section>\n\t\t<div class=\"elementor-element elementor-element-9b15fea e-con-full e-flex e-con e-parent\" data-id=\"9b15fea\" data-element_type=\"container\" data-settings=\"{&quot;content_width&quot;:&quot;full&quot;}\" data-core-v316-plus=\"true\">\n\t\t\t\t<div class=\"elementor-element elementor-element-179b152 elementor-widget elementor-widget-html\" data-id=\"179b152\" data-element_type=\"widget\" data-widget_type=\"html.default\">\n\t\t\t\t<div class=\"elementor-widget-container\">\n\t\t\t<iframe src=\"https:\/\/www.google.com\/maps\/embed?pb=!1m18!1m12!1m3!1d2896.087147225386!2d-1.5478440225636736!3d43.45877777111191!2m3!1f0!2f0!3f0!3m2!1i1024!2i768!4f13.1!3m3!1m2!1s0xd51153c00f77feb%3A0xebc6e2461adfbb30!2s23%20All.%20du%20Moura%2C%2064200%20Biarritz!5e0!3m2!1sfr!2sfr!4v1695799133136!5m2!1sfr!2sfr\" width=\"600\" height=\"450\" style=\"border:0;\" allowfullscreen=\"\" loading=\"lazy\" referrerpolicy=\"no-referrer-when-downgrade\"><\/iframe>\t\t<\/div>\n\t\t\t\t<\/div>\n\t\t\t\t<\/div>\n\t\t\t\t\t\t\t<\/div>\n\t\t","protected":false},"excerpt":{"rendered":"<p>Adresse 23 all\u00e9e Moura 64200 Biarritz T\u00e9l\u00e9phone 05 35 45 96 40 Email contact@babdepannage.fr Veuillez activer JavaScript dans votre navigateur pour remplir ce formulaire.Veuillez activer JavaScript dans votre navigateur pour remplir ce formulaire. Nom * Pr\u00e9nomNom E-mail *T\u00e9l\u00e9phone *Cela concerne:PlomberieChauffageD\u00e9sembouageAutreMessage * Envoyer<\/p>\n","protected":false},"author":2,"featured_media":0,"parent":0,"menu_order":0,"comment_status":"closed","ping_status":"closed","template":"template-builder.php","meta":{"_monsterinsights_skip_tracking":false,"_monsterinsights_sitenote_active":false,"_monsterinsights_sitenote_note":"","_monsterinsights_sitenote_category":0,"footnotes":""},"class_list":["post-42","page","type-page","status-publish","hentry"],"yoast_head":"<!-- This site is optimized with the Yoast SEO plugin v21.2 - https:\/\/yoast.com\/wordpress\/plugins\/seo\/ -->\n<title>Contact - BAB D\u00e9pannage<\/title>\n<meta name=\"robots\" content=\"index, follow, max-snippet:-1, max-image-preview:large, max-video-preview:-1\" \/>\n<link rel=\"canonical\" href=\"https:\/\/babdepannage.fr\/index.php\/contact\/\" \/>\n<meta property=\"og:locale\" content=\"fr_FR\" \/>\n<meta property=\"og:type\" content=\"article\" \/>\n<meta property=\"og:title\" content=\"Contact - BAB D\u00e9pannage\" \/>\n<meta property=\"og:description\" content=\"Adresse 23 all\u00e9e Moura 64200 Biarritz T\u00e9l\u00e9phone 05 35 45 96 40 Email contact@babdepannage.fr Veuillez activer JavaScript dans votre navigateur pour remplir ce formulaire.Veuillez activer JavaScript dans votre navigateur pour remplir ce formulaire. Nom * Pr\u00e9nomNom E-mail *T\u00e9l\u00e9phone *Cela concerne:PlomberieChauffageD\u00e9sembouageAutreMessage * Envoyer\" \/>\n<meta property=\"og:url\" content=\"https:\/\/babdepannage.fr\/index.php\/contact\/\" \/>\n<meta property=\"og:site_name\" content=\"BAB D\u00e9pannage\" \/>\n<meta property=\"article:modified_time\" content=\"2024-04-22T14:11:10+00:00\" \/>\n<meta property=\"og:image\" content=\"https:\/\/babdepannage.fr\/wp-content\/uploads\/2023\/09\/bab-depannage-contact-adresse.png\" \/>\n<meta name=\"twitter:card\" content=\"summary_large_image\" \/>\n<meta name=\"twitter:label1\" content=\"Dur\u00e9e de lecture estim\u00e9e\" \/>\n\t<meta name=\"twitter:data1\" content=\"2 minutes\" \/>\n<script type=\"application\/ld+json\" class=\"yoast-schema-graph\">{\"@context\":\"https:\/\/schema.org\",\"@graph\":[{\"@type\":\"WebPage\",\"@id\":\"https:\/\/babdepannage.fr\/index.php\/contact\/\",\"url\":\"https:\/\/babdepannage.fr\/index.php\/contact\/\",\"name\":\"Contact - BAB D\u00e9pannage\",\"isPartOf\":{\"@id\":\"https:\/\/babdepannage.fr\/#website\"},\"datePublished\":\"2023-04-03T04:38:00+00:00\",\"dateModified\":\"2024-04-22T14:11:10+00:00\",\"breadcrumb\":{\"@id\":\"https:\/\/babdepannage.fr\/index.php\/contact\/#breadcrumb\"},\"inLanguage\":\"fr-FR\",\"potentialAction\":[{\"@type\":\"ReadAction\",\"target\":[\"https:\/\/babdepannage.fr\/index.php\/contact\/\"]}]},{\"@type\":\"BreadcrumbList\",\"@id\":\"https:\/\/babdepannage.fr\/index.php\/contact\/#breadcrumb\",\"itemListElement\":[{\"@type\":\"ListItem\",\"position\":1,\"name\":\"Accueil\",\"item\":\"https:\/\/babdepannage.fr\/\"},{\"@type\":\"ListItem\",\"position\":2,\"name\":\"Contact\"}]},{\"@type\":\"WebSite\",\"@id\":\"https:\/\/babdepannage.fr\/#website\",\"url\":\"https:\/\/babdepannage.fr\/\",\"name\":\"BAB D\u00e9pannage\",\"description\":\"100% D\u00e9pannage - Plomberie - Chauffage\",\"publisher\":{\"@id\":\"https:\/\/babdepannage.fr\/#organization\"},\"potentialAction\":[{\"@type\":\"SearchAction\",\"target\":{\"@type\":\"EntryPoint\",\"urlTemplate\":\"https:\/\/babdepannage.fr\/?s={search_term_string}\"},\"query-input\":\"required name=search_term_string\"}],\"inLanguage\":\"fr-FR\"},{\"@type\":\"Organization\",\"@id\":\"https:\/\/babdepannage.fr\/#organization\",\"name\":\"BAB D\u00e9pannage\",\"url\":\"https:\/\/babdepannage.fr\/\",\"logo\":{\"@type\":\"ImageObject\",\"inLanguage\":\"fr-FR\",\"@id\":\"https:\/\/babdepannage.fr\/#\/schema\/logo\/image\/\",\"url\":\"https:\/\/babdepannage.fr\/wp-content\/uploads\/2023\/05\/logo-bab-pt.png\",\"contentUrl\":\"https:\/\/babdepannage.fr\/wp-content\/uploads\/2023\/05\/logo-bab-pt.png\",\"width\":127,\"height\":124,\"caption\":\"BAB D\u00e9pannage\"},\"image\":{\"@id\":\"https:\/\/babdepannage.fr\/#\/schema\/logo\/image\/\"}}]}<\/script>\n<!-- \/ Yoast SEO plugin. -->","yoast_head_json":{"title":"Contact - BAB D\u00e9pannage","robots":{"index":"index","follow":"follow","max-snippet":"max-snippet:-1","max-image-preview":"max-image-preview:large","max-video-preview":"max-video-preview:-1"},"canonical":"https:\/\/babdepannage.fr\/index.php\/contact\/","og_locale":"fr_FR","og_type":"article","og_title":"Contact - BAB D\u00e9pannage","og_description":"Adresse 23 all\u00e9e Moura 64200 Biarritz T\u00e9l\u00e9phone 05 35 45 96 40 Email contact@babdepannage.fr Veuillez activer JavaScript dans votre navigateur pour remplir ce formulaire.Veuillez activer JavaScript dans votre navigateur pour remplir ce formulaire. Nom * Pr\u00e9nomNom E-mail *T\u00e9l\u00e9phone *Cela concerne:PlomberieChauffageD\u00e9sembouageAutreMessage * Envoyer","og_url":"https:\/\/babdepannage.fr\/index.php\/contact\/","og_site_name":"BAB D\u00e9pannage","article_modified_time":"2024-04-22T14:11:10+00:00","og_image":[{"url":"https:\/\/babdepannage.fr\/wp-content\/uploads\/2023\/09\/bab-depannage-contact-adresse.png"}],"twitter_card":"summary_large_image","twitter_misc":{"Dur\u00e9e de lecture estim\u00e9e":"2 minutes"},"schema":{"@context":"https:\/\/schema.org","@graph":[{"@type":"WebPage","@id":"https:\/\/babdepannage.fr\/index.php\/contact\/","url":"https:\/\/babdepannage.fr\/index.php\/contact\/","name":"Contact - BAB D\u00e9pannage","isPartOf":{"@id":"https:\/\/babdepannage.fr\/#website"},"datePublished":"2023-04-03T04:38:00+00:00","dateModified":"2024-04-22T14:11:10+00:00","breadcrumb":{"@id":"https:\/\/babdepannage.fr\/index.php\/contact\/#breadcrumb"},"inLanguage":"fr-FR","potentialAction":[{"@type":"ReadAction","target":["https:\/\/babdepannage.fr\/index.php\/contact\/"]}]},{"@type":"BreadcrumbList","@id":"https:\/\/babdepannage.fr\/index.php\/contact\/#breadcrumb","itemListElement":[{"@type":"ListItem","position":1,"name":"Accueil","item":"https:\/\/babdepannage.fr\/"},{"@type":"ListItem","position":2,"name":"Contact"}]},{"@type":"WebSite","@id":"https:\/\/babdepannage.fr\/#website","url":"https:\/\/babdepannage.fr\/","name":"BAB D\u00e9pannage","description":"100% D\u00e9pannage - Plomberie - Chauffage","publisher":{"@id":"https:\/\/babdepannage.fr\/#organization"},"potentialAction":[{"@type":"SearchAction","target":{"@type":"EntryPoint","urlTemplate":"https:\/\/babdepannage.fr\/?s={search_term_string}"},"query-input":"required name=search_term_string"}],"inLanguage":"fr-FR"},{"@type":"Organization","@id":"https:\/\/babdepannage.fr\/#organization","name":"BAB D\u00e9pannage","url":"https:\/\/babdepannage.fr\/","logo":{"@type":"ImageObject","inLanguage":"fr-FR","@id":"https:\/\/babdepannage.fr\/#\/schema\/logo\/image\/","url":"https:\/\/babdepannage.fr\/wp-content\/uploads\/2023\/05\/logo-bab-pt.png","contentUrl":"https:\/\/babdepannage.fr\/wp-content\/uploads\/2023\/05\/logo-bab-pt.png","width":127,"height":124,"caption":"BAB D\u00e9pannage"},"image":{"@id":"https:\/\/babdepannage.fr\/#\/schema\/logo\/image\/"}}]}},"_links":{"self":[{"href":"https:\/\/babdepannage.fr\/index.php\/wp-json\/wp\/v2\/pages\/42","targetHints":{"allow":["GET"]}}],"collection":[{"href":"https:\/\/babdepannage.fr\/index.php\/wp-json\/wp\/v2\/pages"}],"about":[{"href":"https:\/\/babdepannage.fr\/index.php\/wp-json\/wp\/v2\/types\/page"}],"author":[{"embeddable":true,"href":"https:\/\/babdepannage.fr\/index.php\/wp-json\/wp\/v2\/users\/2"}],"replies":[{"embeddable":true,"href":"https:\/\/babdepannage.fr\/index.php\/wp-json\/wp\/v2\/comments?post=42"}],"version-history":[{"count":32,"href":"https:\/\/babdepannage.fr\/index.php\/wp-json\/wp\/v2\/pages\/42\/revisions"}],"predecessor-version":[{"id":3531,"href":"https:\/\/babdepannage.fr\/index.php\/wp-json\/wp\/v2\/pages\/42\/revisions\/3531"}],"wp:attachment":[{"href":"https:\/\/babdepannage.fr\/index.php\/wp-json\/wp\/v2\/media?parent=42"}],"curies":[{"name":"wp","href":"https:\/\/api.w.org\/{rel}","templated":true}]}}