{"id":22,"date":"2023-04-03T04:33:35","date_gmt":"2023-04-03T04:33:35","guid":{"rendered":"https:\/\/themeholy.com\/wordpress\/plumer\/?page_id=22"},"modified":"2024-04-22T15:58:02","modified_gmt":"2024-04-22T13:58:02","slug":"services","status":"publish","type":"page","link":"https:\/\/babdepannage.fr\/index.php\/services\/","title":{"rendered":"Services"},"content":{"rendered":"\t\t<div data-elementor-type=\"wp-page\" data-elementor-id=\"22\" class=\"elementor elementor-22\">\n\t\t\t\t\t\t\t\t\t<section class=\"elementor-section elementor-top-section elementor-element elementor-element-4d69e30 elementor-section-boxed elementor-section-height-default elementor-section-height-default\" data-id=\"4d69e30\" data-element_type=\"section\">\n\t\t\t\t\t\t<div class=\"elementor-container elementor-column-gap-no\">\n\t\t\t\t\t<div class=\"elementor-column elementor-col-100 elementor-top-column elementor-element elementor-element-6ee702f\" data-id=\"6ee702f\" data-element_type=\"column\">\n\t\t\t<div class=\"elementor-widget-wrap elementor-element-populated\">\n\t\t\t\t\t\t\t\t<div class=\"elementor-element elementor-element-d5c3644 elementor-widget elementor-widget-plumersectiontitle\" data-id=\"d5c3644\" data-element_type=\"widget\" data-widget_type=\"plumersectiontitle.default\">\n\t\t\t\t<div class=\"elementor-widget-container\">\n\t\t\t<div class=\"title-area-wrap\"><div class=\"title-area mb-30\" ><span class=\"sub-title subtitle-selector\"><img decoding=\"async\" src=\"https:\/\/babdepannage.fr\/wp-content\/uploads\/2023\/09\/service_feature_3-e1695377047855.png\" alt=\"service_feature_3 e1695377047855\"  class=\"icon\" \/>Plomberie<\/span><\/div><p class=\"desc-selector mt-n2 mb-30\">Fuite d\u2019eau ? Canalisations bouch\u00e9es ? Probl\u00e8mes de chasse d\u2019eau ? Tuyauterie d\u00e9faillante\u2026 ? Ces probl\u00e8mes, bien que classiques peuvent devenir un v\u00e9ritable calvaire, si une intervention rapide n\u2019est pas effectu\u00e9e. Les experts plombiers chauffagistes de BAB D\u00e9pannage, vous apporte des solutions en termes de d\u00e9pannage, d\u2019entretien, et de r\u00e9novation de vos installations. Nous sommes pr\u00e9sents essentiellement au Pays Basque et aussi dans les Landes. Vanne \u00e0 volant, tuyau en PVC, en cuivre, raccords\u2026, notre \u00e9quipe est disponible avec un outillage sp\u00e9cifique adapt\u00e9, et facile d\u2019acc\u00e8s. Le tout avec des conseils pertinents pour une meilleure efficacit\u00e9 et long\u00e9vit\u00e9 de vos installations.<\/p><\/div>\t\t<\/div>\n\t\t\t\t<\/div>\n\t\t\t\t<div class=\"elementor-element elementor-element-4e4a9e5 elementor-widget elementor-widget-plumerservice\" data-id=\"4e4a9e5\" data-element_type=\"widget\" data-widget_type=\"plumerservice.default\">\n\t\t\t\t<div class=\"elementor-widget-container\">\n\t\t\t<div class=\"row gy-30\"><div class=\"col-md-6 col-xl-4\"><div class=\"service-block\"><div class=\"shape1\"><\/div><div class=\"service-block_icon\"><div class=\"icon\"><img decoding=\"async\" src=\"https:\/\/babdepannage.fr\/wp-content\/uploads\/2023\/04\/service_block_6.svg\" alt=\"service_block_6\"  \/><\/div><\/div><div class=\"service-block_img\"><img decoding=\"async\" src=\"https:\/\/babdepannage.fr\/wp-content\/uploads\/2024\/01\/remplacement-ballon.jpg\" alt=\"remplacement ballon\"  \/><\/div><h3 class=\"box-title\"><a href=\"\">Entretien D\u00e9pannage Remplacement Ballon d&#039;eau chaude<\/a><\/h3><p class=\"service-block_text\">Le remplacement syst\u00e9matique de votre ballon n&#039;est pas obligatoire, il suffit parfois d&#039;une r\u00e9paration ou d&#039;un entretien.<\/p><div class=\"ripple-shape\"><span class=\"ripple-1\"><\/span><span class=\"ripple-2\"><\/span><span class=\"ripple-3\"><\/span><span class=\"ripple-4\"><\/span><span class=\"ripple-5\"><\/span><span class=\"ripple-6\"><\/span><\/div><\/div><\/div><div class=\"col-md-6 col-xl-4\"><div class=\"service-block\"><div class=\"shape1\"><\/div><div class=\"service-block_icon\"><div class=\"icon\"><img decoding=\"async\" src=\"https:\/\/babdepannage.fr\/wp-content\/uploads\/2023\/04\/service_block_5.svg\" alt=\"service_block_5\"  \/><\/div><\/div><div class=\"service-block_img\"><img decoding=\"async\" src=\"https:\/\/babdepannage.fr\/wp-content\/uploads\/2023\/04\/service_block_1.jpg\" alt=\"service_block_1\"  \/><\/div><h3 class=\"box-title\"><a href=\"\">Vidange et \u00e9vacuation<\/a><\/h3><p class=\"service-block_text\">Petit d\u00e9bouchage, remplacement de siphon et de canalisation d\u00e9fectueuse.<\/p><div class=\"ripple-shape\"><span class=\"ripple-1\"><\/span><span class=\"ripple-2\"><\/span><span class=\"ripple-3\"><\/span><span class=\"ripple-4\"><\/span><span class=\"ripple-5\"><\/span><span class=\"ripple-6\"><\/span><\/div><\/div><\/div><div class=\"col-md-6 col-xl-4\"><div class=\"service-block\"><div class=\"shape1\"><\/div><div class=\"service-block_icon\"><div class=\"icon\"><img decoding=\"async\" src=\"https:\/\/babdepannage.fr\/wp-content\/uploads\/2023\/04\/service_block_2.svg\" alt=\"service_block_2\"  \/><\/div><\/div><div class=\"service-block_img\"><img decoding=\"async\" src=\"https:\/\/themeholy.com\/wordpress\/plumer\/wp-content\/uploads\/2023\/04\/service_block_3.jpg\" alt=\"service_block_3\"  \/><\/div><h3 class=\"box-title\"><a href=\"\">R\u00e9paration de conduite d&#039;eau<\/a><\/h3><p class=\"service-block_text\">Forts de nos 15 ans d&#039;exp\u00e8rience nous intervenons sur tout type de canalisation d&#039;eau et de gaz.<\/p><div class=\"ripple-shape\"><span class=\"ripple-1\"><\/span><span class=\"ripple-2\"><\/span><span class=\"ripple-3\"><\/span><span class=\"ripple-4\"><\/span><span class=\"ripple-5\"><\/span><span class=\"ripple-6\"><\/span><\/div><\/div><\/div><div class=\"col-md-6 col-xl-4\"><div class=\"service-block\"><div class=\"shape1\"><\/div><div class=\"service-block_icon\"><div class=\"icon\"><img decoding=\"async\" src=\"https:\/\/babdepannage.fr\/wp-content\/uploads\/2023\/04\/service_block_1.svg\" alt=\"service_block_1\"  \/><\/div><\/div><div class=\"service-block_img\"><img decoding=\"async\" src=\"https:\/\/themeholy.com\/wordpress\/plumer\/wp-content\/uploads\/2023\/04\/service_block_6.jpg\" alt=\"service_block_6\"  \/><\/div><h3 class=\"box-title\"><a href=\"\">Plomberie sanitaire<\/a><\/h3><p class=\"service-block_text\">Remplacement de meubles de salle de bain, parois de douche, robinetterie de salle de bain.<\/p><div class=\"ripple-shape\"><span class=\"ripple-1\"><\/span><span class=\"ripple-2\"><\/span><span class=\"ripple-3\"><\/span><span class=\"ripple-4\"><\/span><span class=\"ripple-5\"><\/span><span class=\"ripple-6\"><\/span><\/div><\/div><\/div><\/div>\t\t<\/div>\n\t\t\t\t<\/div>\n\t\t\t\t<div class=\"elementor-element elementor-element-3762c80 elementor-widget elementor-widget-plumersectiontitle\" data-id=\"3762c80\" data-element_type=\"widget\" data-widget_type=\"plumersectiontitle.default\">\n\t\t\t\t<div class=\"elementor-widget-container\">\n\t\t\t<div class=\"title-area-wrap\"><div class=\"title-area mb-30\" ><span class=\"sub-title subtitle-selector\"><img decoding=\"async\" src=\"https:\/\/babdepannage.fr\/wp-content\/uploads\/2023\/09\/service_feature_3-e1695377047855.png\" alt=\"service_feature_3 e1695377047855\"  class=\"icon\" \/>Chauffage<\/span><\/div><p class=\"desc-selector mt-n2 mb-30\">BAB D\u00e9pannage, expert agr\u00e9\u00e9 chauffagiste vous propose des solutions au Pays Basque et aussi dans les Landes pour l\u2019entretien de votre chaudi\u00e8re et tout autre syst\u00e8me de chauffage. Remplacement de radiateur, maintenance, recherche de fuite ou encore installation du chauffe-eau, nos professionnels sont pr\u00e9sents pour r\u00e9pondre \u00e0 vos questions et vous apporter des solutions. \u00c0 la qu\u00eate de solutions innovantes, notre \u00e9quipe se charge de la r\u00e9novation de vos installations. Nos experts vous accompagnent pour un meilleur suivi. Votre satisfaction et votre confort \u00e9tant notre priorit\u00e9, nous sommes \u00e0 votre disposition gr\u00e2ce \u00e0 un outillage sp\u00e9cifique, des conseils pertinents permettant \u00e0 prix abordables de r\u00e9pondre \u00e0 vos besoins.<\/p><\/div>\t\t<\/div>\n\t\t\t\t<\/div>\n\t\t\t\t<div class=\"elementor-element elementor-element-3090b5d elementor-widget elementor-widget-plumerservice\" data-id=\"3090b5d\" data-element_type=\"widget\" data-widget_type=\"plumerservice.default\">\n\t\t\t\t<div class=\"elementor-widget-container\">\n\t\t\t<div class=\"row gy-30\"><div class=\"col-md-6 col-xl-4\"><div class=\"service-block\"><div class=\"shape1\"><\/div><div class=\"service-block_icon\"><div class=\"icon\"><img decoding=\"async\" src=\"https:\/\/babdepannage.fr\/wp-content\/uploads\/2023\/09\/bab-depannage-services-10.png\" alt=\"bab depannage services 10\"  \/><\/div><\/div><div class=\"service-block_img\"><img decoding=\"async\" src=\"https:\/\/babdepannage.fr\/wp-content\/uploads\/2024\/01\/controle-entretien-1.jpg\" alt=\"controle entretien 1\"  \/><\/div><h3 class=\"box-title\"><a href=\"\">Contr\u00f4le et entretien certifi\u00e9<\/a><\/h3><p class=\"service-block_text\">Contr\u00f4le et analyse de votre circuit de chauffage.<\/p><div class=\"ripple-shape\"><span class=\"ripple-1\"><\/span><span class=\"ripple-2\"><\/span><span class=\"ripple-3\"><\/span><span class=\"ripple-4\"><\/span><span class=\"ripple-5\"><\/span><span class=\"ripple-6\"><\/span><\/div><\/div><\/div><div class=\"col-md-6 col-xl-4\"><div class=\"service-block\"><div class=\"shape1\"><\/div><div class=\"service-block_icon\"><div class=\"icon\"><img decoding=\"async\" src=\"https:\/\/babdepannage.fr\/wp-content\/uploads\/2023\/10\/bab-depannage-services-09.png\" alt=\"bab depannage services 09\"  \/><\/div><\/div><div class=\"service-block_img\"><img decoding=\"async\" src=\"https:\/\/babdepannage.fr\/wp-content\/uploads\/2024\/01\/desembouage.jpg\" alt=\"desembouage\"  \/><\/div><h3 class=\"box-title\"><a href=\"\">D\u00e9sembouage<\/a><\/h3><p class=\"service-block_text\">Nettoyage de l&#039;int\u00e8rieur de votre r\u00e9serve de chauffage pour un meilleur rendement et plus d&#039;\u00e9conomie<\/p><div class=\"ripple-shape\"><span class=\"ripple-1\"><\/span><span class=\"ripple-2\"><\/span><span class=\"ripple-3\"><\/span><span class=\"ripple-4\"><\/span><span class=\"ripple-5\"><\/span><span class=\"ripple-6\"><\/span><\/div><\/div><\/div><div class=\"col-md-6 col-xl-4\"><div class=\"service-block\"><div class=\"shape1\"><\/div><div class=\"service-block_icon\"><div class=\"icon\"><img decoding=\"async\" src=\"https:\/\/babdepannage.fr\/wp-content\/uploads\/2023\/09\/bab-depannage-services-13-1.png\" alt=\"bab depannage services 13 1\"  \/><\/div><\/div><div class=\"service-block_img\"><img decoding=\"async\" src=\"https:\/\/babdepannage.fr\/wp-content\/uploads\/2024\/01\/chudiere.jpg\" alt=\"chudiere\"  \/><\/div><h3 class=\"box-title\"><a href=\"\">Chaudi\u00e8re<\/a><\/h3><p class=\"service-block_text\">Pose et remplacement de chaudi\u00e8re, pompe \u00e0 chaleur et ballon thermodynamique toujours dans le souci de la recherche du syst\u00e8me le plus adapt\u00e9 au logement.<\/p><div class=\"ripple-shape\"><span class=\"ripple-1\"><\/span><span class=\"ripple-2\"><\/span><span class=\"ripple-3\"><\/span><span class=\"ripple-4\"><\/span><span class=\"ripple-5\"><\/span><span class=\"ripple-6\"><\/span><\/div><\/div><\/div><div class=\"col-md-6 col-xl-4\"><div class=\"service-block\"><div class=\"shape1\"><\/div><div class=\"service-block_icon\"><div class=\"icon\"><img decoding=\"async\" src=\"https:\/\/babdepannage.fr\/wp-content\/uploads\/2023\/09\/bab-depannage-services-09-1.png\" alt=\"bab depannage services 09 1\"  \/><\/div><\/div><div class=\"service-block_img\"><img decoding=\"async\" src=\"https:\/\/babdepannage.fr\/wp-content\/uploads\/2024\/01\/radiateur.jpg\" alt=\"radiateur\"  \/><\/div><h3 class=\"box-title\"><a href=\"\">Radiateur<\/a><\/h3><p class=\"service-block_text\">Pose et remplacement de radiateur.<\/p><div class=\"ripple-shape\"><span class=\"ripple-1\"><\/span><span class=\"ripple-2\"><\/span><span class=\"ripple-3\"><\/span><span class=\"ripple-4\"><\/span><span class=\"ripple-5\"><\/span><span class=\"ripple-6\"><\/span><\/div><\/div><\/div><\/div>\t\t<\/div>\n\t\t\t\t<\/div>\n\t\t\t\t\t<\/div>\n\t\t<\/div>\n\t\t\t\t\t\t\t<\/div>\n\t\t<\/section>\n\t\t<div class=\"elementor-element elementor-element-98a25fc e-con-full e-flex e-con e-parent\" data-id=\"98a25fc\" data-element_type=\"container\" data-settings=\"{&quot;content_width&quot;:&quot;full&quot;}\" data-core-v316-plus=\"true\">\n\t\t\t\t<div class=\"elementor-element elementor-element-b42c015 elementor-widget elementor-widget-plumersectiontitle\" data-id=\"b42c015\" data-element_type=\"widget\" data-widget_type=\"plumersectiontitle.default\">\n\t\t\t\t<div class=\"elementor-widget-container\">\n\t\t\t<div class=\"title-area-wrap\"><div class=\"title-area\" ><span class=\"sub-title subtitle-selector\"><img decoding=\"async\" src=\"https:\/\/babdepannage.fr\/wp-content\/uploads\/2023\/09\/service_feature_3-e1695377047855.png\" alt=\"service_feature_3 e1695377047855\"  class=\"spin\" \/>BAB D\u00e9pannage<\/span><h2 class=\"sec-title title-selector\">DEVIS RAPIDE ET GRATUIT<\/h2><\/div><\/div>\t\t<\/div>\n\t\t\t\t<\/div>\n\t\t\t\t<\/div>\n\t\t\t\t\t\t\t<\/div>\n\t\t","protected":false},"excerpt":{"rendered":"<p>Plomberie Fuite d\u2019eau ? Canalisations bouch\u00e9es ? Probl\u00e8mes de chasse d\u2019eau ? Tuyauterie d\u00e9faillante\u2026 ? Ces probl\u00e8mes, bien que classiques peuvent devenir un v\u00e9ritable calvaire, si une intervention rapide n\u2019est pas effectu\u00e9e. Les experts plombiers chauffagistes de BAB D\u00e9pannage, vous apporte des solutions en termes de d\u00e9pannage, d\u2019entretien, et de r\u00e9novation de vos installations. Nous&#8230;<\/p>\n","protected":false},"author":2,"featured_media":0,"parent":0,"menu_order":0,"comment_status":"closed","ping_status":"closed","template":"template-builder.php","meta":{"_monsterinsights_skip_tracking":false,"_monsterinsights_sitenote_active":false,"_monsterinsights_sitenote_note":"","_monsterinsights_sitenote_category":0,"footnotes":""},"class_list":["post-22","page","type-page","status-publish","hentry"],"yoast_head":"<!-- This site is optimized with the Yoast SEO plugin v21.2 - https:\/\/yoast.com\/wordpress\/plugins\/seo\/ -->\n<title>Services - BAB D\u00e9pannage<\/title>\n<meta name=\"robots\" content=\"index, follow, max-snippet:-1, max-image-preview:large, max-video-preview:-1\" \/>\n<link rel=\"canonical\" href=\"https:\/\/babdepannage.fr\/index.php\/services\/\" \/>\n<meta property=\"og:locale\" content=\"fr_FR\" \/>\n<meta property=\"og:type\" content=\"article\" \/>\n<meta property=\"og:title\" content=\"Services - BAB D\u00e9pannage\" \/>\n<meta property=\"og:description\" content=\"Plomberie Fuite d\u2019eau ? Canalisations bouch\u00e9es ? Probl\u00e8mes de chasse d\u2019eau ? Tuyauterie d\u00e9faillante\u2026 ? Ces probl\u00e8mes, bien que classiques peuvent devenir un v\u00e9ritable calvaire, si une intervention rapide n\u2019est pas effectu\u00e9e. Les experts plombiers chauffagistes de BAB D\u00e9pannage, vous apporte des solutions en termes de d\u00e9pannage, d\u2019entretien, et de r\u00e9novation de vos installations. Nous...\" \/>\n<meta property=\"og:url\" content=\"https:\/\/babdepannage.fr\/index.php\/services\/\" \/>\n<meta property=\"og:site_name\" content=\"BAB D\u00e9pannage\" \/>\n<meta property=\"article:modified_time\" content=\"2024-04-22T13:58:02+00:00\" \/>\n<meta property=\"og:image\" content=\"https:\/\/babdepannage.fr\/wp-content\/uploads\/2023\/09\/service_feature_3-e1695377047855.png\" \/>\n<meta name=\"twitter:card\" content=\"summary_large_image\" \/>\n<meta name=\"twitter:label1\" content=\"Dur\u00e9e de lecture estim\u00e9e\" \/>\n\t<meta name=\"twitter:data1\" content=\"6 minutes\" \/>\n<script type=\"application\/ld+json\" class=\"yoast-schema-graph\">{\"@context\":\"https:\/\/schema.org\",\"@graph\":[{\"@type\":\"WebPage\",\"@id\":\"https:\/\/babdepannage.fr\/index.php\/services\/\",\"url\":\"https:\/\/babdepannage.fr\/index.php\/services\/\",\"name\":\"Services - BAB D\u00e9pannage\",\"isPartOf\":{\"@id\":\"https:\/\/babdepannage.fr\/#website\"},\"datePublished\":\"2023-04-03T04:33:35+00:00\",\"dateModified\":\"2024-04-22T13:58:02+00:00\",\"breadcrumb\":{\"@id\":\"https:\/\/babdepannage.fr\/index.php\/services\/#breadcrumb\"},\"inLanguage\":\"fr-FR\",\"potentialAction\":[{\"@type\":\"ReadAction\",\"target\":[\"https:\/\/babdepannage.fr\/index.php\/services\/\"]}]},{\"@type\":\"BreadcrumbList\",\"@id\":\"https:\/\/babdepannage.fr\/index.php\/services\/#breadcrumb\",\"itemListElement\":[{\"@type\":\"ListItem\",\"position\":1,\"name\":\"Accueil\",\"item\":\"https:\/\/babdepannage.fr\/\"},{\"@type\":\"ListItem\",\"position\":2,\"name\":\"Services\"}]},{\"@type\":\"WebSite\",\"@id\":\"https:\/\/babdepannage.fr\/#website\",\"url\":\"https:\/\/babdepannage.fr\/\",\"name\":\"BAB D\u00e9pannage\",\"description\":\"100% D\u00e9pannage - Plomberie - Chauffage\",\"publisher\":{\"@id\":\"https:\/\/babdepannage.fr\/#organization\"},\"potentialAction\":[{\"@type\":\"SearchAction\",\"target\":{\"@type\":\"EntryPoint\",\"urlTemplate\":\"https:\/\/babdepannage.fr\/?s={search_term_string}\"},\"query-input\":\"required name=search_term_string\"}],\"inLanguage\":\"fr-FR\"},{\"@type\":\"Organization\",\"@id\":\"https:\/\/babdepannage.fr\/#organization\",\"name\":\"BAB D\u00e9pannage\",\"url\":\"https:\/\/babdepannage.fr\/\",\"logo\":{\"@type\":\"ImageObject\",\"inLanguage\":\"fr-FR\",\"@id\":\"https:\/\/babdepannage.fr\/#\/schema\/logo\/image\/\",\"url\":\"https:\/\/babdepannage.fr\/wp-content\/uploads\/2023\/05\/logo-bab-pt.png\",\"contentUrl\":\"https:\/\/babdepannage.fr\/wp-content\/uploads\/2023\/05\/logo-bab-pt.png\",\"width\":127,\"height\":124,\"caption\":\"BAB D\u00e9pannage\"},\"image\":{\"@id\":\"https:\/\/babdepannage.fr\/#\/schema\/logo\/image\/\"}}]}<\/script>\n<!-- \/ Yoast SEO plugin. -->","yoast_head_json":{"title":"Services - BAB D\u00e9pannage","robots":{"index":"index","follow":"follow","max-snippet":"max-snippet:-1","max-image-preview":"max-image-preview:large","max-video-preview":"max-video-preview:-1"},"canonical":"https:\/\/babdepannage.fr\/index.php\/services\/","og_locale":"fr_FR","og_type":"article","og_title":"Services - BAB D\u00e9pannage","og_description":"Plomberie Fuite d\u2019eau ? Canalisations bouch\u00e9es ? Probl\u00e8mes de chasse d\u2019eau ? Tuyauterie d\u00e9faillante\u2026 ? Ces probl\u00e8mes, bien que classiques peuvent devenir un v\u00e9ritable calvaire, si une intervention rapide n\u2019est pas effectu\u00e9e. Les experts plombiers chauffagistes de BAB D\u00e9pannage, vous apporte des solutions en termes de d\u00e9pannage, d\u2019entretien, et de r\u00e9novation de vos installations. Nous...","og_url":"https:\/\/babdepannage.fr\/index.php\/services\/","og_site_name":"BAB D\u00e9pannage","article_modified_time":"2024-04-22T13:58:02+00:00","og_image":[{"url":"https:\/\/babdepannage.fr\/wp-content\/uploads\/2023\/09\/service_feature_3-e1695377047855.png"}],"twitter_card":"summary_large_image","twitter_misc":{"Dur\u00e9e de lecture estim\u00e9e":"6 minutes"},"schema":{"@context":"https:\/\/schema.org","@graph":[{"@type":"WebPage","@id":"https:\/\/babdepannage.fr\/index.php\/services\/","url":"https:\/\/babdepannage.fr\/index.php\/services\/","name":"Services - BAB D\u00e9pannage","isPartOf":{"@id":"https:\/\/babdepannage.fr\/#website"},"datePublished":"2023-04-03T04:33:35+00:00","dateModified":"2024-04-22T13:58:02+00:00","breadcrumb":{"@id":"https:\/\/babdepannage.fr\/index.php\/services\/#breadcrumb"},"inLanguage":"fr-FR","potentialAction":[{"@type":"ReadAction","target":["https:\/\/babdepannage.fr\/index.php\/services\/"]}]},{"@type":"BreadcrumbList","@id":"https:\/\/babdepannage.fr\/index.php\/services\/#breadcrumb","itemListElement":[{"@type":"ListItem","position":1,"name":"Accueil","item":"https:\/\/babdepannage.fr\/"},{"@type":"ListItem","position":2,"name":"Services"}]},{"@type":"WebSite","@id":"https:\/\/babdepannage.fr\/#website","url":"https:\/\/babdepannage.fr\/","name":"BAB D\u00e9pannage","description":"100% D\u00e9pannage - Plomberie - Chauffage","publisher":{"@id":"https:\/\/babdepannage.fr\/#organization"},"potentialAction":[{"@type":"SearchAction","target":{"@type":"EntryPoint","urlTemplate":"https:\/\/babdepannage.fr\/?s={search_term_string}"},"query-input":"required name=search_term_string"}],"inLanguage":"fr-FR"},{"@type":"Organization","@id":"https:\/\/babdepannage.fr\/#organization","name":"BAB D\u00e9pannage","url":"https:\/\/babdepannage.fr\/","logo":{"@type":"ImageObject","inLanguage":"fr-FR","@id":"https:\/\/babdepannage.fr\/#\/schema\/logo\/image\/","url":"https:\/\/babdepannage.fr\/wp-content\/uploads\/2023\/05\/logo-bab-pt.png","contentUrl":"https:\/\/babdepannage.fr\/wp-content\/uploads\/2023\/05\/logo-bab-pt.png","width":127,"height":124,"caption":"BAB D\u00e9pannage"},"image":{"@id":"https:\/\/babdepannage.fr\/#\/schema\/logo\/image\/"}}]}},"_links":{"self":[{"href":"https:\/\/babdepannage.fr\/index.php\/wp-json\/wp\/v2\/pages\/22","targetHints":{"allow":["GET"]}}],"collection":[{"href":"https:\/\/babdepannage.fr\/index.php\/wp-json\/wp\/v2\/pages"}],"about":[{"href":"https:\/\/babdepannage.fr\/index.php\/wp-json\/wp\/v2\/types\/page"}],"author":[{"embeddable":true,"href":"https:\/\/babdepannage.fr\/index.php\/wp-json\/wp\/v2\/users\/2"}],"replies":[{"embeddable":true,"href":"https:\/\/babdepannage.fr\/index.php\/wp-json\/wp\/v2\/comments?post=22"}],"version-history":[{"count":59,"href":"https:\/\/babdepannage.fr\/index.php\/wp-json\/wp\/v2\/pages\/22\/revisions"}],"predecessor-version":[{"id":3506,"href":"https:\/\/babdepannage.fr\/index.php\/wp-json\/wp\/v2\/pages\/22\/revisions\/3506"}],"wp:attachment":[{"href":"https:\/\/babdepannage.fr\/index.php\/wp-json\/wp\/v2\/media?parent=22"}],"curies":[{"name":"wp","href":"https:\/\/api.w.org\/{rel}","templated":true}]}}